{"id":9426,"date":"2024-08-10T09:05:55","date_gmt":"2024-08-10T09:05:55","guid":{"rendered":"http:\/\/www.reensol.com.tr\/?page_id=9426"},"modified":"2024-08-23T14:30:53","modified_gmt":"2024-08-23T14:30:53","slug":"iletisim","status":"publish","type":"page","link":"https:\/\/www.reensol.com.tr\/index.php\/iletisim\/","title":{"rendered":"\u0130leti\u015fim"},"content":{"rendered":"<div class=\"wpb-content-wrapper\"><p>[vc_row css=&#8221;.vc_custom_1484587700785{margin-bottom: 0px !important;}&#8221;][vc_column width=&#8221;1\/2&#8243; css=&#8221;.vc_custom_1525772281033{margin-bottom: 30px !important;padding-top: 0px !important;}&#8221; offset=&#8221;vc_col-lg-4 vc_col-md-4&#8243;]\n\t\t<div id=\"wd-66c07137d3dd7\" class=\"title-wrapper wd-wpb set-mb-s reset-last-child  wd-rs-66c07137d3dd7 wd-title-color-default wd-title-style-default text-left vc_custom_1723887935392 wd-underline-colored\">\n\t\t\t\n\t\t\t<div class=\"liner-continer\">\n\t\t\t\t<h4 class=\"woodmart-title-container title  wd-font-weight- wd-fontsize-l\" >ADRES\u0130M\u0130Z<\/h4>\n\t\t\t\t\t\t\t<\/div>\n\t\t\t\n\t\t\t\n\t\t\t\n\t\t<\/div>\n\t\t\n\t\t[vc_row_inner][vc_column_inner width=&#8221;1\/2&#8243;]\t\t\t<div class=\"info-box-wrapper\">\n\t\t\t\t<div id=\"wd-66c06f1f1d8bf\" class=\" wd-rs-66c06f1f1d8bf wd-info-box wd-wpb text-left box-icon-align-top box-style- color-scheme- wd-bg-none vc_custom_1723887461433\">\n\t\t\t\t\t\t\t\t\t\t<div class=\"info-box-content\">\n\t\t\t\t\t\t<h4 class=\"info-box-title title wd-font-weight-600 box-title-style-default font-text wd-fontsize-s\">Bursa\/\u0130neg\u00f6l<\/h4>\t\t\t\t\t\t<div class=\"info-box-inner set-cont-mb-s reset-last-child\"><p>S\u00fcleymaniye Mh. \u015eehit Er Mustafa Pehlivano\u011flu Sk.<\/p>\n<p>No: 3\/A<\/p>\n<\/div>\n\n\t\t\t\t\t\t\t\t\t\t\t<\/div>\n\n\t\t\t\t\t\n\t\t\t\t\t\t\t\t\t<\/div>\n\t\t\t<\/div>\n\t\t[\/vc_column_inner][vc_column_inner width=&#8221;1\/2&#8243;]\t\t<div id=\"wd-66c89d11f1b2d\" class=\"wd-text-block wd-wpb reset-last-child wd-rs-66c89d11f1b2d text-left \">\n\t\t\t<p><span style=\"color: #333333;\"><strong>Mail Adresi:<\/strong><\/span>\u00a0 info@reensol.com.tr<br \/>\n<span style=\"color: #333333;\"><strong>Telefon:<\/strong><\/span>\u00a0 +90 542 203 39 67<\/p>\n\t\t<\/div>\n\t\t[\/vc_column_inner][\/vc_row_inner]\n\t\t<div id=\"wd-66c06f9ba4f79\" class=\"title-wrapper wd-wpb set-mb-s reset-last-child  wd-rs-66c06f9ba4f79 wd-title-color-default wd-title-style-default text-left vc_custom_1723887531458 wd-underline-colored\">\n\t\t\t\n\t\t\t<div class=\"liner-continer\">\n\t\t\t\t<h4 class=\"woodmart-title-container title  wd-font-weight- wd-fontsize-l\" >B\u0130ZE ULA\u015eIN<\/h4>\n\t\t\t\t\t\t\t<\/div>\n\t\t\t\n\t\t\t\n\t\t\t\n\t\t<\/div>\n\t\t\n\t\t\t\t<div id=\"wd-66c06fb18e0dd\" class=\"wd-text-block wd-wpb reset-last-child wd-rs-66c06fb18e0dd text-left vc_custom_1723887567310\">\n\t\t\t<p>Yukar\u0131da Belirtti\u011fimiz Adreslerden Bize Rahatl\u0131k ile ula\u015fabilir Randevu olu\u015fturabilirsiniz.<\/p>\n\t\t<\/div>\n\t\t[\/vc_column][vc_column width=&#8221;1\/2&#8243; offset=&#8221;vc_col-lg-8 vc_col-md-8&#8243; css=&#8221;.vc_custom_1525772275884{margin-bottom: 30px !important;padding-top: 0px !important;}&#8221;][vc_gmaps link=&#8221;#E-8_JTNDaWZyYW1lJTIwc3JjJTNEJTIyaHR0cHMlM0ElMkYlMkZ3d3cuZ29vZ2xlLmNvbSUyRm1hcHMlMkZlbWJlZCUzRnBiJTNEJTIxMW0xOCUyMTFtMTIlMjExbTMlMjExZDYxMDQuOTg5NTUzOTU3NzkxJTIxMmQyOS41MDAyNDU4OTQ1NDk2OCUyMTNkNDAuMDg2NjgwMjg1OTc3OTIlMjEybTMlMjExZjAlMjEyZjAlMjEzZjAlMjEzbTIlMjExaTEwMjQlMjEyaTc2OCUyMTRmMTMuMSUyMTNtMyUyMTFtMiUyMTFzMHgxNGNiY2JkY2FlZTE4NzVkJTI1M0EweGNjOTIwNmEwMjhlNDdmNGQlMjEyelU4TzhiR1Y1YldGdWFYbGxMQ0RGbm1oMExpQk5kWE4wWVdaaElGQmxhR3hwZG1GdWI4U2ZiSFVnVTJzdUxDQXhOalF3TUNERXNHNWxaOE8yYkM5Q2RYSnpZUSUyMTVlMCUyMTNtMiUyMTFzdHIlMjEyc3RyJTIxNHYxNzI0MDQ4NzM1ODY3JTIxNW0yJTIxMXN0ciUyMTJzdHIlMjIlMjB3aWR0aCUzRCUyMjYwMCUyMiUyMGhlaWdodCUzRCUyMjQ1MCUyMiUyMHN0eWxlJTNEJTIyYm9yZGVyJTNBMCUzQiUyMiUyMGFsbG93ZnVsbHNjcmVlbiUzRCUyMiUyMiUyMGxvYWRpbmclM0QlMjJsYXp5JTIyJTIwcmVmZXJyZXJwb2xpY3klM0QlMjJuby1yZWZlcnJlci13aGVuLWRvd25ncmFkZSUyMiUzRSUzQyUyRmlmcmFtZSUzRQ==&#8221; css=&#8221;&#8221;][\/vc_column][\/vc_row]<\/p>\n<\/div>","protected":false},"excerpt":{"rendered":"<p>[vc_row css=&#8221;.vc_custom_1484587700785{margin-bottom: 0px !important;}&#8221;][vc_column width=&#8221;1\/2&#8243; css=&#8221;.vc_custom_1525772281033{margin-bottom: 30px !important;padding-top: 0px !important;}&#8221; offset=&#8221;vc_col-lg-4 vc_col-md-4&#8243;][vc_row_inner][vc_column_inner width=&#8221;1\/2&#8243;][\/vc_column_inner][vc_column_inner width=&#8221;1\/2&#8243;][\/vc_column_inner][\/vc_row_inner][\/vc_column][vc_column width=&#8221;1\/2&#8243; offset=&#8221;vc_col-lg-8 vc_col-md-8&#8243; css=&#8221;.vc_custom_1525772275884{margin-bottom: 30px !important;padding-top:<\/p>\n","protected":false},"author":1,"featured_media":0,"parent":0,"menu_order":0,"comment_status":"closed","ping_status":"closed","template":"","meta":{"footnotes":""},"class_list":["post-9426","page","type-page","status-publish","hentry"],"_links":{"self":[{"href":"https:\/\/www.reensol.com.tr\/index.php\/wp-json\/wp\/v2\/pages\/9426","targetHints":{"allow":["GET"]}}],"collection":[{"href":"https:\/\/www.reensol.com.tr\/index.php\/wp-json\/wp\/v2\/pages"}],"about":[{"href":"https:\/\/www.reensol.com.tr\/index.php\/wp-json\/wp\/v2\/types\/page"}],"author":[{"embeddable":true,"href":"https:\/\/www.reensol.com.tr\/index.php\/wp-json\/wp\/v2\/users\/1"}],"replies":[{"embeddable":true,"href":"https:\/\/www.reensol.com.tr\/index.php\/wp-json\/wp\/v2\/comments?post=9426"}],"version-history":[{"count":6,"href":"https:\/\/www.reensol.com.tr\/index.php\/wp-json\/wp\/v2\/pages\/9426\/revisions"}],"predecessor-version":[{"id":9544,"href":"https:\/\/www.reensol.com.tr\/index.php\/wp-json\/wp\/v2\/pages\/9426\/revisions\/9544"}],"wp:attachment":[{"href":"https:\/\/www.reensol.com.tr\/index.php\/wp-json\/wp\/v2\/media?parent=9426"}],"curies":[{"name":"wp","href":"https:\/\/api.w.org\/{rel}","templated":true}]}}